{"id":7670,"date":"2025-04-22T03:11:48","date_gmt":"2025-04-22T06:11:48","guid":{"rendered":"https:\/\/azure-elephant-308498.hostingersite.com\/?post_type=product&#038;p=7670"},"modified":"2025-08-12T16:21:28","modified_gmt":"2025-08-12T19:21:28","slug":"full-length-marron-oscuro-belga","status":"publish","type":"product","link":"https:\/\/wildverydenim.com.ar\/?product=full-length-marron-oscuro-belga","title":{"rendered":"FULL LENGTH MARR\u00d3N #BELGA"},"content":{"rendered":"","protected":false},"excerpt":{"rendered":"<p>Full Length de Denim R\u00edgido Marr\u00f3n #BELGA<\/p>\n<p>&nbsp;<\/p>\n<p>WDV TALLES:<\/p>\n<p>TALLE 34 (CINTURA 65CM, CADERAS 92CM, LARGO 109CM)<\/p>\n<p>TALLE 36 (CINTURA 69CM, CADERAS 96CM, LARGO 110CM)<\/p>\n<p>TALLE 38 (CINTURA 72CM, CADERAS 100CM, LARGO 111CM)<\/p>\n<p>TALLE 40 (CINTURA 76CM, CADERAS 104CM, LARGO 112CM)<\/p>\n<p>TALLE 42 (CINTURA 80CM, CADERAS 108CM, LARGO 113CM)<\/p>\n<p>&nbsp;<\/p>\n","protected":false},"featured_media":26173,"template":"","meta":[],"product_brand":[],"product_cat":[31],"product_tag":[],"class_list":{"0":"post-7670","1":"product","2":"type-product","3":"status-publish","4":"has-post-thumbnail","6":"product_cat-full-length","8":"first","9":"outofstock","10":"shipping-taxable","11":"purchasable","12":"product-type-variable"},"yoast_head":"<!-- This site is optimized with the Yoast SEO plugin v27.3 - https:\/\/yoast.com\/product\/yoast-seo-wordpress\/ -->\n<title>FULL LENGTH MARR\u00d3N #BELGA - WILDVERY DENIM<\/title>\n<meta name=\"robots\" content=\"index, follow, max-snippet:-1, max-image-preview:large, max-video-preview:-1\" \/>\n<link rel=\"canonical\" href=\"https:\/\/wildverydenim.com.ar\/?product=full-length-marron-oscuro-belga\" \/>\n<meta property=\"og:locale\" content=\"es_ES\" \/>\n<meta property=\"og:type\" content=\"article\" \/>\n<meta property=\"og:title\" content=\"FULL LENGTH MARR\u00d3N #BELGA - WILDVERY DENIM\" \/>\n<meta property=\"og:description\" content=\"Full Length de Denim R\u00edgido Marr\u00f3n #BELGA  &nbsp;  WDV TALLES:  TALLE 34 (CINTURA 65CM, CADERAS 92CM, LARGO 109CM)  TALLE 36 (CINTURA 69CM, CADERAS 96CM, LARGO 110CM)  TALLE 38 (CINTURA 72CM, CADERAS 100CM, LARGO 111CM)  TALLE 40 (CINTURA 76CM, CADERAS 104CM, LARGO 112CM)  TALLE 42 (CINTURA 80CM, CADERAS 108CM, LARGO 113CM)  &nbsp;\" \/>\n<meta property=\"og:url\" content=\"https:\/\/wildverydenim.com.ar\/?product=full-length-marron-oscuro-belga\" \/>\n<meta property=\"og:site_name\" content=\"WILDVERY DENIM\" \/>\n<meta property=\"article:modified_time\" content=\"2025-08-12T19:21:28+00:00\" \/>\n<meta property=\"og:image\" content=\"https:\/\/wildverydenim.com.ar\/wp-content\/uploads\/2025\/05\/IMG_32888-copy-scaled.jpg\" \/>\n\t<meta property=\"og:image:width\" content=\"1920\" \/>\n\t<meta property=\"og:image:height\" content=\"2560\" \/>\n\t<meta property=\"og:image:type\" content=\"image\/jpeg\" \/>\n<meta name=\"twitter:card\" content=\"summary_large_image\" \/>\n<script type=\"application\/ld+json\" class=\"yoast-schema-graph\">{\"@context\":\"https:\\\/\\\/schema.org\",\"@graph\":[{\"@type\":\"WebPage\",\"@id\":\"https:\\\/\\\/wildverydenim.com.ar\\\/?product=full-length-marron-oscuro-belga\",\"url\":\"https:\\\/\\\/wildverydenim.com.ar\\\/?product=full-length-marron-oscuro-belga\",\"name\":\"FULL LENGTH MARR\u00d3N #BELGA - WILDVERY DENIM\",\"isPartOf\":{\"@id\":\"https:\\\/\\\/wildverydenim.com.ar\\\/#website\"},\"primaryImageOfPage\":{\"@id\":\"https:\\\/\\\/wildverydenim.com.ar\\\/?product=full-length-marron-oscuro-belga#primaryimage\"},\"image\":{\"@id\":\"https:\\\/\\\/wildverydenim.com.ar\\\/?product=full-length-marron-oscuro-belga#primaryimage\"},\"thumbnailUrl\":\"https:\\\/\\\/wildverydenim.com.ar\\\/wp-content\\\/uploads\\\/2025\\\/05\\\/IMG_32888-copy-scaled.jpg\",\"datePublished\":\"2025-04-22T06:11:48+00:00\",\"dateModified\":\"2025-08-12T19:21:28+00:00\",\"breadcrumb\":{\"@id\":\"https:\\\/\\\/wildverydenim.com.ar\\\/?product=full-length-marron-oscuro-belga#breadcrumb\"},\"inLanguage\":\"es\",\"potentialAction\":[{\"@type\":\"ReadAction\",\"target\":[\"https:\\\/\\\/wildverydenim.com.ar\\\/?product=full-length-marron-oscuro-belga\"]}]},{\"@type\":\"ImageObject\",\"inLanguage\":\"es\",\"@id\":\"https:\\\/\\\/wildverydenim.com.ar\\\/?product=full-length-marron-oscuro-belga#primaryimage\",\"url\":\"https:\\\/\\\/wildverydenim.com.ar\\\/wp-content\\\/uploads\\\/2025\\\/05\\\/IMG_32888-copy-scaled.jpg\",\"contentUrl\":\"https:\\\/\\\/wildverydenim.com.ar\\\/wp-content\\\/uploads\\\/2025\\\/05\\\/IMG_32888-copy-scaled.jpg\",\"width\":1920,\"height\":2560},{\"@type\":\"BreadcrumbList\",\"@id\":\"https:\\\/\\\/wildverydenim.com.ar\\\/?product=full-length-marron-oscuro-belga#breadcrumb\",\"itemListElement\":[{\"@type\":\"ListItem\",\"position\":1,\"name\":\"Portada\",\"item\":\"https:\\\/\\\/wildverydenim.com.ar\\\/\"},{\"@type\":\"ListItem\",\"position\":2,\"name\":\"Tienda\",\"item\":\"https:\\\/\\\/wildverydenim.com.ar\\\/?page_id=14\"},{\"@type\":\"ListItem\",\"position\":3,\"name\":\"FULL LENGTH MARR\u00d3N #BELGA\"}]},{\"@type\":\"WebSite\",\"@id\":\"https:\\\/\\\/wildverydenim.com.ar\\\/#website\",\"url\":\"https:\\\/\\\/wildverydenim.com.ar\\\/\",\"name\":\"WILDVERY DENIM\",\"description\":\"\",\"publisher\":{\"@id\":\"https:\\\/\\\/wildverydenim.com.ar\\\/#organization\"},\"potentialAction\":[{\"@type\":\"SearchAction\",\"target\":{\"@type\":\"EntryPoint\",\"urlTemplate\":\"https:\\\/\\\/wildverydenim.com.ar\\\/?s={search_term_string}\"},\"query-input\":{\"@type\":\"PropertyValueSpecification\",\"valueRequired\":true,\"valueName\":\"search_term_string\"}}],\"inLanguage\":\"es\"},{\"@type\":\"Organization\",\"@id\":\"https:\\\/\\\/wildverydenim.com.ar\\\/#organization\",\"name\":\"WILDVERY DENIM\",\"url\":\"https:\\\/\\\/wildverydenim.com.ar\\\/\",\"logo\":{\"@type\":\"ImageObject\",\"inLanguage\":\"es\",\"@id\":\"https:\\\/\\\/wildverydenim.com.ar\\\/#\\\/schema\\\/logo\\\/image\\\/\",\"url\":\"https:\\\/\\\/wildverydenim.com.ar\\\/wp-content\\\/uploads\\\/2023\\\/05\\\/cropped-WhatsApp-Image-2023-05-30-at-13.08.36.jpeg\",\"contentUrl\":\"https:\\\/\\\/wildverydenim.com.ar\\\/wp-content\\\/uploads\\\/2023\\\/05\\\/cropped-WhatsApp-Image-2023-05-30-at-13.08.36.jpeg\",\"width\":477,\"height\":179,\"caption\":\"WILDVERY DENIM\"},\"image\":{\"@id\":\"https:\\\/\\\/wildverydenim.com.ar\\\/#\\\/schema\\\/logo\\\/image\\\/\"}}]}<\/script>\n<!-- \/ Yoast SEO plugin. -->","yoast_head_json":{"title":"FULL LENGTH MARR\u00d3N #BELGA - WILDVERY DENIM","robots":{"index":"index","follow":"follow","max-snippet":"max-snippet:-1","max-image-preview":"max-image-preview:large","max-video-preview":"max-video-preview:-1"},"canonical":"https:\/\/wildverydenim.com.ar\/?product=full-length-marron-oscuro-belga","og_locale":"es_ES","og_type":"article","og_title":"FULL LENGTH MARR\u00d3N #BELGA - WILDVERY DENIM","og_description":"Full Length de Denim R\u00edgido Marr\u00f3n #BELGA  &nbsp;  WDV TALLES:  TALLE 34 (CINTURA 65CM, CADERAS 92CM, LARGO 109CM)  TALLE 36 (CINTURA 69CM, CADERAS 96CM, LARGO 110CM)  TALLE 38 (CINTURA 72CM, CADERAS 100CM, LARGO 111CM)  TALLE 40 (CINTURA 76CM, CADERAS 104CM, LARGO 112CM)  TALLE 42 (CINTURA 80CM, CADERAS 108CM, LARGO 113CM)  &nbsp;","og_url":"https:\/\/wildverydenim.com.ar\/?product=full-length-marron-oscuro-belga","og_site_name":"WILDVERY DENIM","article_modified_time":"2025-08-12T19:21:28+00:00","og_image":[{"width":1920,"height":2560,"url":"https:\/\/wildverydenim.com.ar\/wp-content\/uploads\/2025\/05\/IMG_32888-copy-scaled.jpg","type":"image\/jpeg"}],"twitter_card":"summary_large_image","schema":{"@context":"https:\/\/schema.org","@graph":[{"@type":"WebPage","@id":"https:\/\/wildverydenim.com.ar\/?product=full-length-marron-oscuro-belga","url":"https:\/\/wildverydenim.com.ar\/?product=full-length-marron-oscuro-belga","name":"FULL LENGTH MARR\u00d3N #BELGA - WILDVERY DENIM","isPartOf":{"@id":"https:\/\/wildverydenim.com.ar\/#website"},"primaryImageOfPage":{"@id":"https:\/\/wildverydenim.com.ar\/?product=full-length-marron-oscuro-belga#primaryimage"},"image":{"@id":"https:\/\/wildverydenim.com.ar\/?product=full-length-marron-oscuro-belga#primaryimage"},"thumbnailUrl":"https:\/\/wildverydenim.com.ar\/wp-content\/uploads\/2025\/05\/IMG_32888-copy-scaled.jpg","datePublished":"2025-04-22T06:11:48+00:00","dateModified":"2025-08-12T19:21:28+00:00","breadcrumb":{"@id":"https:\/\/wildverydenim.com.ar\/?product=full-length-marron-oscuro-belga#breadcrumb"},"inLanguage":"es","potentialAction":[{"@type":"ReadAction","target":["https:\/\/wildverydenim.com.ar\/?product=full-length-marron-oscuro-belga"]}]},{"@type":"ImageObject","inLanguage":"es","@id":"https:\/\/wildverydenim.com.ar\/?product=full-length-marron-oscuro-belga#primaryimage","url":"https:\/\/wildverydenim.com.ar\/wp-content\/uploads\/2025\/05\/IMG_32888-copy-scaled.jpg","contentUrl":"https:\/\/wildverydenim.com.ar\/wp-content\/uploads\/2025\/05\/IMG_32888-copy-scaled.jpg","width":1920,"height":2560},{"@type":"BreadcrumbList","@id":"https:\/\/wildverydenim.com.ar\/?product=full-length-marron-oscuro-belga#breadcrumb","itemListElement":[{"@type":"ListItem","position":1,"name":"Portada","item":"https:\/\/wildverydenim.com.ar\/"},{"@type":"ListItem","position":2,"name":"Tienda","item":"https:\/\/wildverydenim.com.ar\/?page_id=14"},{"@type":"ListItem","position":3,"name":"FULL LENGTH MARR\u00d3N #BELGA"}]},{"@type":"WebSite","@id":"https:\/\/wildverydenim.com.ar\/#website","url":"https:\/\/wildverydenim.com.ar\/","name":"WILDVERY DENIM","description":"","publisher":{"@id":"https:\/\/wildverydenim.com.ar\/#organization"},"potentialAction":[{"@type":"SearchAction","target":{"@type":"EntryPoint","urlTemplate":"https:\/\/wildverydenim.com.ar\/?s={search_term_string}"},"query-input":{"@type":"PropertyValueSpecification","valueRequired":true,"valueName":"search_term_string"}}],"inLanguage":"es"},{"@type":"Organization","@id":"https:\/\/wildverydenim.com.ar\/#organization","name":"WILDVERY DENIM","url":"https:\/\/wildverydenim.com.ar\/","logo":{"@type":"ImageObject","inLanguage":"es","@id":"https:\/\/wildverydenim.com.ar\/#\/schema\/logo\/image\/","url":"https:\/\/wildverydenim.com.ar\/wp-content\/uploads\/2023\/05\/cropped-WhatsApp-Image-2023-05-30-at-13.08.36.jpeg","contentUrl":"https:\/\/wildverydenim.com.ar\/wp-content\/uploads\/2023\/05\/cropped-WhatsApp-Image-2023-05-30-at-13.08.36.jpeg","width":477,"height":179,"caption":"WILDVERY DENIM"},"image":{"@id":"https:\/\/wildverydenim.com.ar\/#\/schema\/logo\/image\/"}}]}},"_links":{"self":[{"href":"https:\/\/wildverydenim.com.ar\/index.php?rest_route=\/wp\/v2\/product\/7670","targetHints":{"allow":["GET"]}}],"collection":[{"href":"https:\/\/wildverydenim.com.ar\/index.php?rest_route=\/wp\/v2\/product"}],"about":[{"href":"https:\/\/wildverydenim.com.ar\/index.php?rest_route=\/wp\/v2\/types\/product"}],"version-history":[{"count":7,"href":"https:\/\/wildverydenim.com.ar\/index.php?rest_route=\/wp\/v2\/product\/7670\/revisions"}],"predecessor-version":[{"id":25978,"href":"https:\/\/wildverydenim.com.ar\/index.php?rest_route=\/wp\/v2\/product\/7670\/revisions\/25978"}],"wp:featuredmedia":[{"embeddable":true,"href":"https:\/\/wildverydenim.com.ar\/index.php?rest_route=\/wp\/v2\/media\/26173"}],"wp:attachment":[{"href":"https:\/\/wildverydenim.com.ar\/index.php?rest_route=%2Fwp%2Fv2%2Fmedia&parent=7670"}],"wp:term":[{"taxonomy":"product_brand","embeddable":true,"href":"https:\/\/wildverydenim.com.ar\/index.php?rest_route=%2Fwp%2Fv2%2Fproduct_brand&post=7670"},{"taxonomy":"product_cat","embeddable":true,"href":"https:\/\/wildverydenim.com.ar\/index.php?rest_route=%2Fwp%2Fv2%2Fproduct_cat&post=7670"},{"taxonomy":"product_tag","embeddable":true,"href":"https:\/\/wildverydenim.com.ar\/index.php?rest_route=%2Fwp%2Fv2%2Fproduct_tag&post=7670"}],"curies":[{"name":"wp","href":"https:\/\/api.w.org\/{rel}","templated":true}]}}